{"id":1019,"date":"2019-03-19T14:57:56","date_gmt":"2019-03-19T13:57:56","guid":{"rendered":"https:\/\/www.beebox.de\/content\/?page_id=1019"},"modified":"2023-12-19T08:19:35","modified_gmt":"2023-12-19T07:19:35","slug":"nutzinsekten","status":"publish","type":"page","link":"https:\/\/www.beebox.de\/content\/agentur\/nutzinsekten\/","title":{"rendered":"Nutzinsekten"},"content":{"rendered":"<p>[et_pb_section fb_built=&#8220;1&#8243; admin_label=&#8220;Sektion mit Laufk\u00e4fer&#8220; _builder_version=&#8220;4.21.0&#8243; background_video_mp4=&#8220;https:\/\/www.beebox.de\/content\/wp-content\/uploads\/Video\/Beetle-8390-720p-UltraLowRes-H264.mp4&#8243; background_video_webm=&#8220;https:\/\/www.beebox.de\/content\/wp-content\/uploads\/Video\/Beetle-8390-720p-UltraLowRes-VP8.webm&#8220; global_colors_info=&#8220;{}&#8220;][et_pb_row _builder_version=&#8220;4.16&#8243; custom_padding=&#8220;10px||0px|&#8220; global_colors_info=&#8220;{}&#8220;][et_pb_column type=&#8220;4_4&#8243; _builder_version=&#8220;4.16&#8243; custom_padding=&#8220;|||&#8220; global_colors_info=&#8220;{}&#8220; custom_padding__hover=&#8220;|||&#8220;][et_pb_text admin_label=&#8220;Title \/ Es gibt viele Nutzinsekten:&#8220; _builder_version=&#8220;4.16&#8243; header_font=&#8220;|300|||||||&#8220; header_text_align=&#8220;center&#8220; max_width=&#8220;700px&#8220; module_alignment=&#8220;center&#8220; custom_margin=&#8220;||20px|&#8220; z_index_tablet=&#8220;500&#8243; saved_tabs=&#8220;all&#8220; global_colors_info=&#8220;{}&#8220;]<\/p>\n<h1>Es gibt viele <strong>Nutzinsekten <\/strong>&#8230;<strong><br \/><\/strong><\/h1>\n<p>[\/et_pb_text][et_pb_text _builder_version=&#8220;4.21.0&#8243; text_font_size=&#8220;125%&#8220; text_line_height=&#8220;1.6em&#8220; text_orientation=&#8220;center&#8220; max_width=&#8220;575px&#8220; module_alignment=&#8220;center&#8220; custom_margin=&#8220;||40px|&#8220; z_index_tablet=&#8220;500&#8243; global_colors_info=&#8220;{}&#8220;]<\/p>\n<p>&#8230; Ameisen &#8230; Marienk\u00e4fer &#8230; und die Koschenilleschildlaus.<\/p>\n<p>Die<a href=\"https:\/\/www.beebox.de\/content\/leistung\/\"><strong> Biene<\/strong><\/a> jedoch steht an der Spitze der Insektenhierarchie:<br \/>Sie ist Best\u00e4uberin unz\u00e4hliger Bl\u00fcten, eine gro\u00dfe Pollen\u00ad\u00ad\u00adsammlerin und dar\u00fcber hinaus liefert sie Wachs, Honig und Gelee Royale. <br \/>Dieser freundlichen und flei\u00dfigen Helferin verdankt unsere Agentur ihren Namen.<\/p>\n<p>[\/et_pb_text][\/et_pb_column][\/et_pb_row][et_pb_row make_equal=&#8220;on&#8220; _builder_version=&#8220;4.21.0&#8243; background_size=&#8220;initial&#8220; background_position=&#8220;top_left&#8220; background_repeat=&#8220;repeat&#8220; max_width=&#8220;900px&#8220; module_alignment=&#8220;center&#8220; custom_margin=&#8220;||40px||false|false&#8220; custom_padding=&#8220;30px||||false|false&#8220; z_index_tablet=&#8220;500&#8243; use_custom_width=&#8220;on&#8220; custom_width_px=&#8220;900px&#8220; global_colors_info=&#8220;{}&#8220;][et_pb_column type=&#8220;4_4&#8243; _builder_version=&#8220;4.16&#8243; custom_padding=&#8220;|||&#8220; global_colors_info=&#8220;{}&#8220; custom_padding__hover=&#8220;|||&#8220;][et_pb_button button_url=&#8220;https:\/\/www.beebox.de\/content\/leistung\/&#8220; button_text=&#8220;bee different&#8220; button_alignment=&#8220;center&#8220; admin_label=&#8220;Taste to bee&#8220; _builder_version=&#8220;4.21.0&#8243; custom_button=&#8220;on&#8220; button_text_size=&#8220;18px&#8220; button_text_color=&#8220;#FFFFFF&#8220; button_bg_color=&#8220;rgba(0,0,0,0.2)&#8220; button_border_color=&#8220;gcid-277d874a-eef7-4ada-ab84-f8dbca1e1510&#8243; button_font=&#8220;|600|||||||&#8220; button_use_icon=&#8220;off&#8220; background_layout=&#8220;dark&#8220; z_index_tablet=&#8220;500&#8243; global_colors_info=&#8220;{%22gcid-1c821a9f-233f-4b69-9156-04918fa1ad77%22:%91%22button_bg_color__hover%22,%22button_border_color__hover%22%93,%22gcid-277d874a-eef7-4ada-ab84-f8dbca1e1510%22:%91%22button_bg_color%22,%22button_border_color%22%93}&#8220; button_text_size__hover_enabled=&#8220;on|hover&#8220; button_text_size__hover=&#8220;null&#8220; button_one_text_size__hover_enabled=&#8220;off&#8220; button_one_text_size__hover=&#8220;null&#8220; button_two_text_size__hover_enabled=&#8220;off&#8220; button_two_text_size__hover=&#8220;null&#8220; button_text_color__hover_enabled=&#8220;on|hover&#8220; button_text_color__hover=&#8220;#FFFFFF&#8220; button_one_text_color__hover_enabled=&#8220;off&#8220; button_one_text_color__hover=&#8220;null&#8220; button_two_text_color__hover_enabled=&#8220;off&#8220; button_two_text_color__hover=&#8220;null&#8220; button_border_width__hover_enabled=&#8220;off&#8220; button_border_width__hover=&#8220;null&#8220; button_one_border_width__hover_enabled=&#8220;off&#8220; button_one_border_width__hover=&#8220;null&#8220; button_two_border_width__hover_enabled=&#8220;off&#8220; button_two_border_width__hover=&#8220;null&#8220; button_border_color__hover_enabled=&#8220;on|desktop&#8220; button_border_color__hover=&#8220;gcid-1c821a9f-233f-4b69-9156-04918fa1ad77&#8243; button_one_border_color__hover_enabled=&#8220;off&#8220; button_one_border_color__hover=&#8220;null&#8220; button_two_border_color__hover_enabled=&#8220;off&#8220; button_two_border_color__hover=&#8220;null&#8220; button_border_radius__hover_enabled=&#8220;off&#8220; button_border_radius__hover=&#8220;null&#8220; button_one_border_radius__hover_enabled=&#8220;off&#8220; button_one_border_radius__hover=&#8220;null&#8220; button_two_border_radius__hover_enabled=&#8220;off&#8220; button_two_border_radius__hover=&#8220;null&#8220; button_letter_spacing__hover_enabled=&#8220;off&#8220; button_letter_spacing__hover=&#8220;null&#8220; button_one_letter_spacing__hover_enabled=&#8220;off&#8220; button_one_letter_spacing__hover=&#8220;null&#8220; button_two_letter_spacing__hover_enabled=&#8220;off&#8220; button_two_letter_spacing__hover=&#8220;null&#8220; button_bg_color__hover_enabled=&#8220;on|hover&#8220; button_bg_color__hover=&#8220;rgba(224,153,0,0.8)&#8220; button_one_bg_color__hover_enabled=&#8220;off&#8220; button_one_bg_color__hover=&#8220;null&#8220; button_two_bg_color__hover_enabled=&#8220;off&#8220; button_two_bg_color__hover=&#8220;null&#8220; button_bg_enable_color__hover=&#8220;on&#8220;]<\/p>\n<p>&nbsp;<\/p>\n<p>[\/et_pb_button][\/et_pb_column][\/et_pb_row][et_pb_row column_structure=&#8220;1_3,1_3,1_3&#8243; use_custom_gutter=&#8220;on&#8220; gutter_width=&#8220;2&#8243; make_equal=&#8220;on&#8220; _builder_version=&#8220;4.16&#8243; background_video_width=&#8220;100%&#8220; background_video_height=&#8220;100%&#8220; custom_padding=&#8220;20px||100px|&#8220; global_colors_info=&#8220;{}&#8220;][et_pb_column type=&#8220;1_3&#8243; _builder_version=&#8220;4.16&#8243; background_color=&#8220;rgba(189,189,191,0.2)&#8220; custom_padding=&#8220;|||&#8220; global_colors_info=&#8220;{}&#8220; custom_padding__hover=&#8220;|||&#8220;][et_pb_image src=&#8220;https:\/\/www.beebox.de\/content\/wp-content\/uploads\/2019\/03\/FO-Ameise-145067176-800&#215;450.jpg&#8220; show_in_lightbox=&#8220;on&#8220; align_tablet=&#8220;center&#8220; align_phone=&#8220;&#8220; align_last_edited=&#8220;on|desktop&#8220; admin_label=&#8220;Bild \/ Ameise&#8220; _builder_version=&#8220;4.16&#8243; global_colors_info=&#8220;{}&#8220;][\/et_pb_image][et_pb_text admin_label=&#8220;Text \/ Ameise&#8220; _builder_version=&#8220;4.16&#8243; text_line_height=&#8220;1.6em&#8220; custom_padding=&#8220;10px|20px|20px|20px&#8220; z_index_tablet=&#8220;500&#8243; dsm_modules_readmore=&#8220;on&#8220; dsm_modules_readmore_height=&#8220;100px&#8220; dsm_modules_readmore_more_link_text=&#8220;weiter lesen&#8220; dsm_modules_readmore_less_link_text=&#8220;schlie\u00dfen&#8220; dsm_modules_readmore_link_color=&#8220;gcid-d292e90d-091d-46e1-b40f-46587f9817f3&#8243; text_text_shadow_horizontal_length_tablet=&#8220;0px&#8220; text_text_shadow_vertical_length_tablet=&#8220;0px&#8220; text_text_shadow_blur_strength_tablet=&#8220;1px&#8220; link_text_shadow_horizontal_length_tablet=&#8220;0px&#8220; link_text_shadow_vertical_length_tablet=&#8220;0px&#8220; link_text_shadow_blur_strength_tablet=&#8220;1px&#8220; ul_text_shadow_horizontal_length_tablet=&#8220;0px&#8220; ul_text_shadow_vertical_length_tablet=&#8220;0px&#8220; ul_text_shadow_blur_strength_tablet=&#8220;1px&#8220; ol_text_shadow_horizontal_length_tablet=&#8220;0px&#8220; ol_text_shadow_vertical_length_tablet=&#8220;0px&#8220; ol_text_shadow_blur_strength_tablet=&#8220;1px&#8220; quote_text_shadow_horizontal_length_tablet=&#8220;0px&#8220; quote_text_shadow_vertical_length_tablet=&#8220;0px&#8220; quote_text_shadow_blur_strength_tablet=&#8220;1px&#8220; header_text_shadow_horizontal_length_tablet=&#8220;0px&#8220; header_text_shadow_vertical_length_tablet=&#8220;0px&#8220; header_text_shadow_blur_strength_tablet=&#8220;1px&#8220; header_2_text_shadow_horizontal_length_tablet=&#8220;0px&#8220; header_2_text_shadow_vertical_length_tablet=&#8220;0px&#8220; header_2_text_shadow_blur_strength_tablet=&#8220;1px&#8220; header_3_text_shadow_horizontal_length_tablet=&#8220;0px&#8220; header_3_text_shadow_vertical_length_tablet=&#8220;0px&#8220; header_3_text_shadow_blur_strength_tablet=&#8220;1px&#8220; header_4_text_shadow_horizontal_length_tablet=&#8220;0px&#8220; header_4_text_shadow_vertical_length_tablet=&#8220;0px&#8220; header_4_text_shadow_blur_strength_tablet=&#8220;1px&#8220; header_5_text_shadow_horizontal_length_tablet=&#8220;0px&#8220; header_5_text_shadow_vertical_length_tablet=&#8220;0px&#8220; header_5_text_shadow_blur_strength_tablet=&#8220;1px&#8220; header_6_text_shadow_horizontal_length_tablet=&#8220;0px&#8220; header_6_text_shadow_vertical_length_tablet=&#8220;0px&#8220; header_6_text_shadow_blur_strength_tablet=&#8220;1px&#8220; box_shadow_horizontal_tablet=&#8220;0px&#8220; box_shadow_vertical_tablet=&#8220;0px&#8220; box_shadow_blur_tablet=&#8220;40px&#8220; box_shadow_spread_tablet=&#8220;0px&#8220; global_colors_info=&#8220;{%22gcid-d292e90d-091d-46e1-b40f-46587f9817f3%22:%91%22dsm_modules_readmore_link_color%22%93}&#8220;]<\/p>\n<h6><strong>AMEISEN<\/strong><\/h6>\n<p>Es gen\u00fcgt nicht nur flei\u00dfig zu sein. Die Frage ist vielmehr, wof\u00fcr? Was treibt diese hochspezialisierten Tiere an?<\/p>\n<p>Einige gefl\u00fcgelte M\u00e4nnchen einer tropischen Ameisenart imitieren den Duft ihrer weiblichen Artgenossen, um K\u00e4mpfen mit anderen M\u00e4nnchen aus dem Weg zu gehen. Die fl\u00fcgellosen M\u00e4nnchen dagegen bleiben ein Leben lang in der Kolonie und liefern sich dort heftige K\u00e4mpfe bis nur noch eines \u00fcbrig bleibt, welches am Ende noch versucht sich mit den gefl\u00fcgelten M\u00e4nnchen zu paaren &#8230;?<\/p>\n<p>[\/et_pb_text][\/et_pb_column][et_pb_column type=&#8220;1_3&#8243; _builder_version=&#8220;4.16&#8243; background_color=&#8220;rgba(189,189,191,0.2)&#8220; custom_padding=&#8220;|||&#8220; global_colors_info=&#8220;{}&#8220; custom_padding__hover=&#8220;|||&#8220;][et_pb_image src=&#8220;https:\/\/www.beebox.de\/content\/wp-content\/uploads\/2019\/03\/FO-Marienkaefer-139473981-800&#215;450.jpg&#8220; show_in_lightbox=&#8220;on&#8220; align_tablet=&#8220;center&#8220; align_phone=&#8220;&#8220; align_last_edited=&#8220;on|desktop&#8220; admin_label=&#8220;Bild \/ Marienk\u00e4fer&#8220; _builder_version=&#8220;4.16&#8243; global_colors_info=&#8220;{}&#8220;][\/et_pb_image][et_pb_text admin_label=&#8220;Text \/ Marienk\u00e4fer&#8220; _builder_version=&#8220;4.16&#8243; text_line_height=&#8220;1.6em&#8220; custom_padding=&#8220;10px|20px|20px|20px&#8220; z_index_tablet=&#8220;500&#8243; dsm_modules_readmore=&#8220;on&#8220; dsm_modules_readmore_height=&#8220;100px&#8220; dsm_modules_readmore_more_link_text=&#8220;weiter lesen&#8220; dsm_modules_readmore_less_link_text=&#8220;schlie\u00dfen&#8220; dsm_modules_readmore_link_color=&#8220;gcid-d292e90d-091d-46e1-b40f-46587f9817f3&#8243; global_colors_info=&#8220;{%22gcid-d292e90d-091d-46e1-b40f-46587f9817f3%22:%91%22dsm_modules_readmore_link_color%22%93}&#8220;]<\/p>\n<h6><strong>MARIENK\u00c4FER<\/strong><\/h6>\n<p>Sie sind uners\u00e4ttlich. Sie zieren Schmuck, Kleiderstoffe, Briefpapier, Gl\u00fcckwunschkarten und Amulette.<\/p>\n<p>Und landet ein K\u00e4fer auf der Hand, so erf\u00fcllt sich ein langersehnter Wunsch. Marienk\u00e4fer bringen Gl\u00fcck. Das zumindest ist ein Volksglaube, der sich nicht beweisen l\u00e4sst.<\/p>\n<p>[\/et_pb_text][\/et_pb_column][et_pb_column type=&#8220;1_3&#8243; _builder_version=&#8220;4.16&#8243; background_color=&#8220;rgba(189,189,191,0.2)&#8220; custom_padding=&#8220;|||&#8220; global_colors_info=&#8220;{}&#8220; custom_padding__hover=&#8220;|||&#8220;][et_pb_image src=&#8220;https:\/\/www.beebox.de\/content\/wp-content\/uploads\/2019\/03\/Koscheneille-800&#215;450.jpg&#8220; show_in_lightbox=&#8220;on&#8220; align_tablet=&#8220;center&#8220; align_phone=&#8220;&#8220; align_last_edited=&#8220;on|desktop&#8220; admin_label=&#8220;Bild \/ Koschenileschildlaus&#8220; _builder_version=&#8220;4.16&#8243; global_colors_info=&#8220;{}&#8220;][\/et_pb_image][et_pb_text admin_label=&#8220;Text \/ Koschenilleschildlaus&#8220; _builder_version=&#8220;4.16&#8243; text_line_height=&#8220;1.6em&#8220; custom_padding=&#8220;10px|20px|20px|20px&#8220; z_index_tablet=&#8220;500&#8243; dsm_modules_readmore=&#8220;on&#8220; dsm_modules_readmore_height=&#8220;100px&#8220; dsm_modules_readmore_more_link_text=&#8220;weiter lesen&#8220; dsm_modules_readmore_less_link_text=&#8220;schlie\u00dfen&#8220; dsm_modules_readmore_link_color=&#8220;gcid-d292e90d-091d-46e1-b40f-46587f9817f3&#8243; text_text_shadow_horizontal_length_tablet=&#8220;0px&#8220; text_text_shadow_vertical_length_tablet=&#8220;0px&#8220; text_text_shadow_blur_strength_tablet=&#8220;1px&#8220; link_text_shadow_horizontal_length_tablet=&#8220;0px&#8220; link_text_shadow_vertical_length_tablet=&#8220;0px&#8220; link_text_shadow_blur_strength_tablet=&#8220;1px&#8220; ul_text_shadow_horizontal_length_tablet=&#8220;0px&#8220; ul_text_shadow_vertical_length_tablet=&#8220;0px&#8220; ul_text_shadow_blur_strength_tablet=&#8220;1px&#8220; ol_text_shadow_horizontal_length_tablet=&#8220;0px&#8220; ol_text_shadow_vertical_length_tablet=&#8220;0px&#8220; ol_text_shadow_blur_strength_tablet=&#8220;1px&#8220; quote_text_shadow_horizontal_length_tablet=&#8220;0px&#8220; quote_text_shadow_vertical_length_tablet=&#8220;0px&#8220; quote_text_shadow_blur_strength_tablet=&#8220;1px&#8220; header_text_shadow_horizontal_length_tablet=&#8220;0px&#8220; header_text_shadow_vertical_length_tablet=&#8220;0px&#8220; header_text_shadow_blur_strength_tablet=&#8220;1px&#8220; header_2_text_shadow_horizontal_length_tablet=&#8220;0px&#8220; header_2_text_shadow_vertical_length_tablet=&#8220;0px&#8220; header_2_text_shadow_blur_strength_tablet=&#8220;1px&#8220; header_3_text_shadow_horizontal_length_tablet=&#8220;0px&#8220; header_3_text_shadow_vertical_length_tablet=&#8220;0px&#8220; header_3_text_shadow_blur_strength_tablet=&#8220;1px&#8220; header_4_text_shadow_horizontal_length_tablet=&#8220;0px&#8220; header_4_text_shadow_vertical_length_tablet=&#8220;0px&#8220; header_4_text_shadow_blur_strength_tablet=&#8220;1px&#8220; header_5_text_shadow_horizontal_length_tablet=&#8220;0px&#8220; header_5_text_shadow_vertical_length_tablet=&#8220;0px&#8220; header_5_text_shadow_blur_strength_tablet=&#8220;1px&#8220; header_6_text_shadow_horizontal_length_tablet=&#8220;0px&#8220; header_6_text_shadow_vertical_length_tablet=&#8220;0px&#8220; header_6_text_shadow_blur_strength_tablet=&#8220;1px&#8220; box_shadow_horizontal_tablet=&#8220;0px&#8220; box_shadow_vertical_tablet=&#8220;0px&#8220; box_shadow_blur_tablet=&#8220;40px&#8220; box_shadow_spread_tablet=&#8220;0px&#8220; global_colors_info=&#8220;{%22gcid-d292e90d-091d-46e1-b40f-46587f9817f3%22:%91%22dsm_modules_readmore_link_color%22%93}&#8220;]<\/p>\n<h6><strong>KOSCHENILLESCHILDLAUS<\/strong><\/h6>\n<p>Weibliche L\u00e4use werden getrocknet und zu Pulver vermahlen, um daraus den roten Farbstoff Karmin zu gewinnen.<\/p>\n<p>Die Koschenilleschildlaus verbringt ihr Leben auf stachligen Kakteen. Schon die Azteken f\u00e4rbten mit ihnen ihre Kleidung. Als Malerfarbe ist Karmin jedoch nur wenig lichtbest\u00e4ndig. Dem massiven L\u00e4useleid setzte die moderne Technik im 19. Jahrhundert ein vorl\u00e4ufiges Ende. Dennoch bleiben einige Spuren des L\u00e4usemassakers allgegenw\u00e4rtig: z.B. in Lippenstift und bis vor Kurzem \u2013 so wird behauptet \u2013 auch in Campari &#8230;<\/p>\n<p>[\/et_pb_text][\/et_pb_column][\/et_pb_row][\/et_pb_section][et_pb_section fb_built=&#8220;1&#8243; custom_padding_last_edited=&#8220;off|tablet&#8220; admin_label=&#8220;Text Block 2&#8243; _builder_version=&#8220;4.16&#8243; custom_padding=&#8220;0px||||false|false&#8220; z_index_tablet=&#8220;500&#8243; collapsed=&#8220;off&#8220; global_colors_info=&#8220;{}&#8220;][\/et_pb_section]<\/p>\n","protected":false},"excerpt":{"rendered":"<p>Es gibt viele Nutzinsekten &#8230; &#8230; Ameisen &#8230; Marienk\u00e4fer &#8230; und die Koschenilleschildlaus. Die Biene jedoch steht an der Spitze der Insektenhierarchie:Sie ist Best\u00e4uberin unz\u00e4hliger Bl\u00fcten, eine gro\u00dfe Pollen\u00ad\u00ad\u00adsammlerin und dar\u00fcber hinaus liefert sie Wachs, Honig und Gelee Royale. Dieser freundlichen und flei\u00dfigen Helferin verdankt unsere Agentur ihren Namen.&nbsp; AMEISEN Es gen\u00fcgt nicht nur flei\u00dfig zu sein. Die Frage ist vielmehr, wof\u00fcr? Was treibt diese hochspezialisierten Tiere an? Einige gefl\u00fcgelte M\u00e4nnchen einer tropischen Ameisenart imitieren den Duft ihrer weiblichen Artgenossen, um K\u00e4mpfen mit anderen M\u00e4nnchen aus dem Weg zu gehen. Die fl\u00fcgellosen M\u00e4nnchen dagegen bleiben ein Leben lang in der Kolonie und liefern sich dort heftige K\u00e4mpfe bis nur noch eines \u00fcbrig bleibt, welches am Ende noch versucht sich mit den gefl\u00fcgelten M\u00e4nnchen zu paaren &#8230;?MARIENK\u00c4FER Sie sind uners\u00e4ttlich. Sie zieren Schmuck, Kleiderstoffe, Briefpapier, Gl\u00fcckwunschkarten und Amulette. Und landet ein K\u00e4fer auf der Hand, so erf\u00fcllt sich ein langersehnter Wunsch. Marienk\u00e4fer bringen Gl\u00fcck. Das zumindest ist ein Volksglaube, der sich nicht beweisen l\u00e4sst.KOSCHENILLESCHILDLAUS Weibliche L\u00e4use werden getrocknet und zu Pulver vermahlen, um daraus den roten Farbstoff Karmin zu gewinnen. Die Koschenilleschildlaus verbringt ihr Leben auf stachligen Kakteen. Schon die Azteken f\u00e4rbten mit ihnen ihre Kleidung. Als Malerfarbe ist Karmin jedoch [&hellip;]<\/p>\n","protected":false},"author":2,"featured_media":0,"parent":873,"menu_order":3,"comment_status":"closed","ping_status":"closed","template":"","meta":{"_et_pb_use_builder":"on","_et_pb_old_content":"","_et_gb_content_width":"","footnotes":""},"class_list":["post-1019","page","type-page","status-publish","hentry"],"_links":{"self":[{"href":"https:\/\/www.beebox.de\/content\/wp-json\/wp\/v2\/pages\/1019","targetHints":{"allow":["GET"]}}],"collection":[{"href":"https:\/\/www.beebox.de\/content\/wp-json\/wp\/v2\/pages"}],"about":[{"href":"https:\/\/www.beebox.de\/content\/wp-json\/wp\/v2\/types\/page"}],"author":[{"embeddable":true,"href":"https:\/\/www.beebox.de\/content\/wp-json\/wp\/v2\/users\/2"}],"replies":[{"embeddable":true,"href":"https:\/\/www.beebox.de\/content\/wp-json\/wp\/v2\/comments?post=1019"}],"version-history":[{"count":5,"href":"https:\/\/www.beebox.de\/content\/wp-json\/wp\/v2\/pages\/1019\/revisions"}],"predecessor-version":[{"id":212173,"href":"https:\/\/www.beebox.de\/content\/wp-json\/wp\/v2\/pages\/1019\/revisions\/212173"}],"up":[{"embeddable":true,"href":"https:\/\/www.beebox.de\/content\/wp-json\/wp\/v2\/pages\/873"}],"wp:attachment":[{"href":"https:\/\/www.beebox.de\/content\/wp-json\/wp\/v2\/media?parent=1019"}],"curies":[{"name":"wp","href":"https:\/\/api.w.org\/{rel}","templated":true}]}}