{"id":847,"date":"2019-03-18T12:48:54","date_gmt":"2019-03-18T11:48:54","guid":{"rendered":"https:\/\/www.beebox.de\/content\/?page_id=847"},"modified":"2024-12-18T12:44:20","modified_gmt":"2024-12-18T11:44:20","slug":"impressum","status":"publish","type":"page","link":"https:\/\/www.beebox.de\/content\/juris\/impressum\/","title":{"rendered":"Impressum"},"content":{"rendered":"<p>[et_pb_section fb_built=&#8220;1&#8243; custom_padding_last_edited=&#8220;off|tablet&#8220; admin_label=&#8220;Text Block 2&#8243; _builder_version=&#8220;4.16&#8243; use_background_color_gradient=&#8220;on&#8220; background_color_gradient_direction=&#8220;328deg&#8220; background_color_gradient_stops=&#8220;rgba(189,189,191,0.34) 0%|rgba(255,255,255,0) 100%&#8220; background_color_gradient_start=&#8220;rgba(189,189,191,0.34)&#8220; background_color_gradient_end=&#8220;rgba(255,255,255,0)&#8220; background_image=&#8220;https:\/\/clarify.madebysuperfly.com\/wp-content\/uploads\/sites\/46\/2018\/03\/bkg_blurbs3.jpg&#8220; background_position=&#8220;top_center&#8220; background_blend=&#8220;multiply&#8220; custom_padding=&#8220;5%||5%|&#8220; collapsed=&#8220;off&#8220; global_colors_info=&#8220;{}&#8220;][et_pb_row make_equal=&#8220;on&#8220; _builder_version=&#8220;4.16&#8243; background_size=&#8220;initial&#8220; background_position=&#8220;top_left&#8220; background_repeat=&#8220;repeat&#8220; module_alignment=&#8220;center&#8220; custom_padding=&#8220;30px||30px|&#8220; global_colors_info=&#8220;{}&#8220;][et_pb_column type=&#8220;4_4&#8243; _builder_version=&#8220;4.16&#8243; custom_padding=&#8220;|||&#8220; global_colors_info=&#8220;{}&#8220; custom_padding__hover=&#8220;|||&#8220;][et_pb_text admin_label=&#8220;Titel \/ Impressum&#8220; _builder_version=&#8220;4.16&#8243; header_font=&#8220;|300|||||||&#8220; header_text_align=&#8220;left&#8220; header_2_font=&#8220;|300|||||||&#8220; custom_margin=&#8220;||16px|&#8220; global_colors_info=&#8220;{}&#8220;]<\/p>\n<h3><strong>Impressum<\/strong><\/h3>\n<p>[\/et_pb_text][et_pb_divider color=&#8220;#f4be39&#8243; divider_position=&#8220;center&#8220; _builder_version=&#8220;4.16&#8243; max_width=&#8220;60px&#8220; module_alignment=&#8220;left&#8220; height=&#8220;0px&#8220; custom_margin=&#8220;|||&#8220; global_colors_info=&#8220;{}&#8220;][\/et_pb_divider][et_pb_text admin_label=&#8220;Text \/ Impressum Tabelle&#8220; _builder_version=&#8220;4.27.4&#8243; max_width_tablet=&#8220;&#8220; max_width_phone=&#8220;&#8220; max_width_last_edited=&#8220;on|&#8220; module_alignment=&#8220;center&#8220; custom_margin_tablet=&#8220;&#8220; custom_margin_phone=&#8220;&#8220; custom_margin_last_edited=&#8220;on|desktop&#8220; hover_enabled=&#8220;0&#8243; global_colors_info=&#8220;{}&#8220; sticky_enabled=&#8220;0&#8243;]<\/p>\n<table>\n<tbody>\n<tr>\n<td>Herausgeber,<br \/>verantwortlich f\u00fcr den Inhalt<\/td>\n<td>beebox Werbeagentur<br \/>Inh. Donald A. N. Theijs<br \/>Baumgartenstra\u00dfe 7, 79285 Ebringen im Breisgau<br \/>Telefon: +49 (0)7664 \/ 6123944, Fax: +49 (0)7664 \/ 612838<\/td>\n<\/tr>\n<tr>\n<td>Redaktion (V.i.S.d.P.)<\/td>\n<td>Donald A. N. Theijs, Verona Zehelein<\/td>\n<\/tr>\n<tr>\n<td>Fotografie<\/td>\n<td>\n<ul>\n<li>beebox werbeagentur, Freiburg\/Ebringen<\/li>\n<li>iStockPhoto by Getty Images, Calgary (Canada)<\/li>\n<li>Fotolia LLC, New York<\/li>\n<\/ul>\n<\/td>\n<\/tr>\n<tr>\n<td>USt.ID<\/td>\n<td>DE194447560<\/td>\n<\/tr>\n<\/tbody>\n<\/table>\n<p>[\/et_pb_text][\/et_pb_column][\/et_pb_row][\/et_pb_section][et_pb_section fb_built=&#8220;1&#8243; custom_padding_last_edited=&#8220;off|tablet&#8220; admin_label=&#8220;Text Block 4&#8243; _builder_version=&#8220;4.16&#8243; use_background_color_gradient=&#8220;on&#8220; background_color_gradient_stops=&#8220;#ffffff 0%|#f4f4f4 100%&#8220; background_color_gradient_start=&#8220;#ffffff&#8220; background_color_gradient_end=&#8220;#f4f4f4&#8243; custom_padding=&#8220;5%||5%|&#8220; hover_enabled=&#8220;0&#8243; collapsed=&#8220;off&#8220; global_colors_info=&#8220;{}&#8220; sticky_enabled=&#8220;0&#8243;][et_pb_row make_equal=&#8220;on&#8220; module_id=&#8220;nutzungsbedingungen&#8220; _builder_version=&#8220;4.16&#8243; background_size=&#8220;initial&#8220; background_position=&#8220;top_left&#8220; background_repeat=&#8220;repeat&#8220; width_phone=&#8220;50px&#8220; max_width_phone=&#8220;1280px&#8220; custom_padding=&#8220;30px||30px|&#8220; z_index_tablet=&#8220;500&#8243; box_shadow_horizontal_tablet=&#8220;0px&#8220; box_shadow_vertical_tablet=&#8220;0px&#8220; box_shadow_blur_tablet=&#8220;40px&#8220; box_shadow_spread_tablet=&#8220;0px&#8220; global_colors_info=&#8220;{}&#8220;][et_pb_column type=&#8220;4_4&#8243; _builder_version=&#8220;4.16&#8243; custom_padding=&#8220;|||&#8220; global_colors_info=&#8220;{}&#8220; custom_padding__hover=&#8220;|||&#8220;][et_pb_text admin_label=&#8220;Title \/ Nutzungsbedingungen \/ Haftungsausschluss&#8220; _builder_version=&#8220;4.16&#8243; header_font=&#8220;|300|||||||&#8220; header_text_align=&#8220;left&#8220; header_2_font=&#8220;|300|||||||&#8220; custom_margin=&#8220;||16px|&#8220; global_colors_info=&#8220;{}&#8220;]<\/p>\n<h3>Nutzungsbedingungen \/ Haftungsausschluss<\/p>\n<\/h3>\n<p>[\/et_pb_text][et_pb_divider _builder_version=&#8220;4.16&#8243; height=&#8220;5px&#8220; global_colors_info=&#8220;{}&#8220;][\/et_pb_divider][\/et_pb_column][\/et_pb_row][et_pb_row column_structure=&#8220;1_2,1_2&#8243; make_equal=&#8220;on&#8220; _builder_version=&#8220;4.16&#8243; background_size=&#8220;initial&#8220; background_position=&#8220;top_left&#8220; background_repeat=&#8220;repeat&#8220; custom_padding=&#8220;10px||30px|&#8220; global_colors_info=&#8220;{}&#8220;][et_pb_column type=&#8220;1_2&#8243; _builder_version=&#8220;4.16&#8243; custom_padding=&#8220;|||&#8220; global_colors_info=&#8220;{}&#8220; custom_padding__hover=&#8220;|||&#8220;][et_pb_text admin_label=&#8220;Text \/ Alle Webseiten von &#8230;&#8220; _builder_version=&#8220;4.16&#8243; text_line_height=&#8220;1.4em&#8220; max_width_tablet=&#8220;&#8220; max_width_phone=&#8220;&#8220; max_width_last_edited=&#8220;on|&#8220; module_alignment=&#8220;center&#8220; custom_margin_tablet=&#8220;&#8220; custom_margin_phone=&#8220;&#8220; custom_margin_last_edited=&#8220;on|desktop&#8220; z_index_tablet=&#8220;500&#8243; text_text_shadow_horizontal_length_tablet=&#8220;0px&#8220; text_text_shadow_vertical_length_tablet=&#8220;0px&#8220; text_text_shadow_blur_strength_tablet=&#8220;1px&#8220; link_text_shadow_horizontal_length_tablet=&#8220;0px&#8220; link_text_shadow_vertical_length_tablet=&#8220;0px&#8220; link_text_shadow_blur_strength_tablet=&#8220;1px&#8220; ul_text_shadow_horizontal_length_tablet=&#8220;0px&#8220; ul_text_shadow_vertical_length_tablet=&#8220;0px&#8220; ul_text_shadow_blur_strength_tablet=&#8220;1px&#8220; ol_text_shadow_horizontal_length_tablet=&#8220;0px&#8220; ol_text_shadow_vertical_length_tablet=&#8220;0px&#8220; ol_text_shadow_blur_strength_tablet=&#8220;1px&#8220; quote_text_shadow_horizontal_length_tablet=&#8220;0px&#8220; quote_text_shadow_vertical_length_tablet=&#8220;0px&#8220; quote_text_shadow_blur_strength_tablet=&#8220;1px&#8220; header_text_shadow_horizontal_length_tablet=&#8220;0px&#8220; header_text_shadow_vertical_length_tablet=&#8220;0px&#8220; header_text_shadow_blur_strength_tablet=&#8220;1px&#8220; header_2_text_shadow_horizontal_length_tablet=&#8220;0px&#8220; header_2_text_shadow_vertical_length_tablet=&#8220;0px&#8220; header_2_text_shadow_blur_strength_tablet=&#8220;1px&#8220; header_3_text_shadow_horizontal_length_tablet=&#8220;0px&#8220; header_3_text_shadow_vertical_length_tablet=&#8220;0px&#8220; header_3_text_shadow_blur_strength_tablet=&#8220;1px&#8220; header_4_text_shadow_horizontal_length_tablet=&#8220;0px&#8220; header_4_text_shadow_vertical_length_tablet=&#8220;0px&#8220; header_4_text_shadow_blur_strength_tablet=&#8220;1px&#8220; header_5_text_shadow_horizontal_length_tablet=&#8220;0px&#8220; header_5_text_shadow_vertical_length_tablet=&#8220;0px&#8220; header_5_text_shadow_blur_strength_tablet=&#8220;1px&#8220; header_6_text_shadow_horizontal_length_tablet=&#8220;0px&#8220; header_6_text_shadow_vertical_length_tablet=&#8220;0px&#8220; header_6_text_shadow_blur_strength_tablet=&#8220;1px&#8220; box_shadow_horizontal_tablet=&#8220;0px&#8220; box_shadow_vertical_tablet=&#8220;0px&#8220; box_shadow_blur_tablet=&#8220;40px&#8220; box_shadow_spread_tablet=&#8220;0px&#8220; global_colors_info=&#8220;{}&#8220;]<\/p>\n<p>Alle Webseiten von beebox, Inh. Donald Theijs, mit Sitz in der Baumgartenstra\u00dfe 7, 79285 Ebringen, Deutschland (nachfolgend kurz &#8222;beebox&#8220;) wurden unter Ber\u00fccksichtigung des deutschen Rechts verfasst. beebox hat die Daten auf dieser Website sorgf\u00e4ltig und nach dem neuesten Erkenntnisstand zusammen gestellt. beebox kann jedoch keinerlei Garantien bez\u00fcglich der Richtigkeit und\/oder Vollst\u00e4ndigkeit der hier angegebenen oder zitierten Information, weder ausdr\u00fccklich noch implizit, abgeben.<br \/>F\u00fcr Anleitungen, Hinweise, Empfehlungen oder Einsch\u00e4tzungen wird keine Haftung \u00fcbernommen, genausowenig f\u00fcr Fehler im Text oder falsche Links.<br \/>Der Benutzer dieser Website erkennt an, dass deren Gebrauch sowie der Gebrauch der damit verbundenen Sites ausschlie\u00dflich auf dessen eigene Gefahr erfolgt und dass weder beebox noch eine andere Partei, die an der Erstellung der Informationen beteiligt war, eine Haftung f\u00fcr direkte, indirekte oder Folgesch\u00e4den jedwelcher Art \u00fcbernimmt. Alle erw\u00e4hnten Markennamen sind gesetzlich gesch\u00fctzt.<\/p>\n<p>Es gilt die deutsche Rechtsprechnung.<\/p>\n<p>[\/et_pb_text][\/et_pb_column][et_pb_column type=&#8220;1_2&#8243; _builder_version=&#8220;4.16&#8243; custom_padding=&#8220;|||&#8220; global_colors_info=&#8220;{}&#8220; custom_padding__hover=&#8220;|||&#8220;][et_pb_text admin_label=&#8220;Text \/ Verweise auf fremde Webseiten&#8220; _builder_version=&#8220;4.16&#8243; text_line_height=&#8220;1.4em&#8220; max_width_tablet=&#8220;&#8220; max_width_phone=&#8220;&#8220; max_width_last_edited=&#8220;on|&#8220; module_alignment=&#8220;center&#8220; custom_margin_tablet=&#8220;&#8220; custom_margin_phone=&#8220;&#8220; custom_margin_last_edited=&#8220;on|desktop&#8220; global_colors_info=&#8220;{}&#8220;]<\/p>\n<p><strong>Verweise auf fremde Webseiten <\/strong>\u2013 sogenannte Links \u2013 liegen au\u00dferhalb des Verantwortungsbereiches des Autors bzw. von beebox. Eine Haftung f\u00fcr die Inhalte von verlinkten Seiten ist ausgeschlossen, zumal beebox keinen Einfluss auf Inhalte wie Gestaltung von gelinkten Seiten hat. F\u00fcr Inhalte von Seiten, auf welche von Seiten dieser Webseiten verwiesen wird, haftet somit allein der Anbieter dieser fremden Webseiten \u2013 niemals jedoch derjenige, der durch einen Link auf fremde Publikationen und Inhalte verweist.<\/p>\n<p>Sollten gelinkte Seiten (insbesondere durch Ver\u00e4nderung der Inhalte nach dem Setzen des Links) illegale, fehlerhafte, unvollst\u00e4ndige, beleidigende oder sittenwidrige Informationen beinhalten und wird der Autor dieser Seite auf derartige Inhalte von gelinkten Seiten aufmerksam (gemacht), so wird er einen Link auf derartige Seiten unverz\u00fcglich unterbinden.<\/p>\n<p>[\/et_pb_text][\/et_pb_column][\/et_pb_row][et_pb_row make_equal=&#8220;on&#8220; _builder_version=&#8220;4.16&#8243; background_size=&#8220;initial&#8220; background_position=&#8220;top_left&#8220; background_repeat=&#8220;repeat&#8220; custom_padding=&#8220;30px||30px|&#8220; global_colors_info=&#8220;{}&#8220;][et_pb_column type=&#8220;4_4&#8243; _builder_version=&#8220;4.16&#8243; custom_padding=&#8220;|||&#8220; global_colors_info=&#8220;{}&#8220; custom_padding__hover=&#8220;|||&#8220;][et_pb_divider _builder_version=&#8220;4.16&#8243; height=&#8220;5px&#8220; global_colors_info=&#8220;{}&#8220;][\/et_pb_divider][\/et_pb_column][\/et_pb_row][et_pb_row column_structure=&#8220;1_2,1_2&#8243; make_equal=&#8220;on&#8220; _builder_version=&#8220;4.16&#8243; background_size=&#8220;initial&#8220; background_position=&#8220;top_left&#8220; background_repeat=&#8220;repeat&#8220; custom_padding=&#8220;10px||30px|&#8220; global_colors_info=&#8220;{}&#8220;][et_pb_column type=&#8220;1_2&#8243; _builder_version=&#8220;4.16&#8243; custom_padding=&#8220;|||&#8220; global_colors_info=&#8220;{}&#8220; custom_padding__hover=&#8220;|||&#8220;][et_pb_text admin_label=&#8220;Text \/ Alle Inhalte, Werke, Daten und &#8230;.&#8220; _builder_version=&#8220;4.16&#8243; text_line_height=&#8220;1.4em&#8220; max_width_tablet=&#8220;&#8220; max_width_phone=&#8220;&#8220; max_width_last_edited=&#8220;on|&#8220; module_alignment=&#8220;center&#8220; custom_margin_tablet=&#8220;&#8220; custom_margin_phone=&#8220;&#8220; custom_margin_last_edited=&#8220;on|desktop&#8220; global_colors_info=&#8220;{}&#8220;]<\/p>\n<p><strong>Alle Inhalte, Werke, Daten und das Design dieser Website sind urheberrechtlich gesch\u00fctzt.<\/strong><\/p>\n<p>S\u00e4mtliche Inhalte dienen ausschlie\u00dflich der pers\u00f6nlichen Information. Jegliche Bearbeitung, Vervielf\u00e4ltigung, Verbreitung und \u00f6ffentliche Wiedergabe ist untersagt und wird somit bei Zuwiderhandlung strafrechtlich verfolgt und zum Schadensersatz verpflichtet. Die \u00dcbernahme, Ver\u00f6ffentlichung oder Nutzung von Texten, Bildern oder anderen Daten bedarf der ausdr\u00fccklichen und schriftlichen Zustimmung der zuvor und im Quellennachweis aufgef\u00fchrten Firmen und Personen.<\/p>\n<p>In dieser Website werden verschiedene Firmen-, Produkt- oder Servicenamen verwendet. Alle Unternehmens-, Produkt- oder Servicenamen bzw. deren Bezeichnungen k\u00f6nnen Waren- oder Dienstleistungszeichen oder eingetragene Waren- oder Dienstleistungszeichen anderer Unternehmen weltweit sein und sind als solche zu beachten.<\/p>\n<p>Soweit die Inhalte auf dieser Seite nicht vom Betreiber erstellt wurden, werden die Urheberrechte Dritter beachtet. Sollten Sie auf eine Urheberrechtsverletzung aufmerksam werden, bitten wir um einen entsprechenden Hinweis. Bei Bekanntwerden von Rechtsverletzungen werden derartige Inhalte umgehend entfernt.<\/p>\n<p>[\/et_pb_text][\/et_pb_column][et_pb_column type=&#8220;1_2&#8243; _builder_version=&#8220;4.16&#8243; custom_padding=&#8220;|||&#8220; global_colors_info=&#8220;{}&#8220; custom_padding__hover=&#8220;|||&#8220;][et_pb_text admin_label=&#8220;Text \/ Den Schutz und die Intimit\u00e4t &#8220; _builder_version=&#8220;4.16&#8243; text_line_height=&#8220;1.4em&#8220; max_width_tablet=&#8220;&#8220; max_width_phone=&#8220;&#8220; max_width_last_edited=&#8220;on|&#8220; module_alignment=&#8220;center&#8220; custom_margin_tablet=&#8220;&#8220; custom_margin_phone=&#8220;&#8220; custom_margin_last_edited=&#8220;on|desktop&#8220; global_colors_info=&#8220;{}&#8220;]<\/p>\n<p><strong>Den Schutz und die Intimit\u00e4t Ihrer Daten nehmen wir sehr ernst.<\/strong><\/p>\n<p>Daher werden Daten ausschlie\u00dflich zur Bearbeitung der von Ihnen gestellten Anfragen gespeichert und im Rahmen gesetzlicher Verpflichtungen aufbewahrt und gesichert. Sofern keine rechtlichen Vorgaben bestehen oder dies nicht zur Weiterverarbeitung Ihrer Anfrage notwendig ist, werden Ihre Daten Dritten selbstverst\u00e4ndlich nicht zur Verf\u00fcgung gestellt. Die Nutzung unserer Webseiten ist in der Regel ohne Angabe personenbezogener Daten m\u00f6glich.<\/p>\n<p>Mit der Nutzung der Website erkl\u00e4ren Sie sich mit den Bedingungen unserer Richtlinien zum Schutz pers\u00f6nlicher Daten einverstanden.<\/p>\n<p><a href=\"https:\/\/www.beebox.de\/content\/datenschutz\/\"><strong>Detaillierte Informationen zum Datenschutz.<\/strong><\/a><\/p>\n<p>&nbsp;<\/p>\n<p>[\/et_pb_text][\/et_pb_column][\/et_pb_row][\/et_pb_section]<\/p>\n","protected":false},"excerpt":{"rendered":"<p>Impressum Herausgeber,verantwortlich f\u00fcr den Inhalt beebox WerbeagenturInh. Donald A. N. TheijsBaumgartenstra\u00dfe 7, 79285 Ebringen im BreisgauTelefon: +49 (0)7664 \/ 6123944, Fax: +49 (0)7664 \/ 612838 Redaktion (V.i.S.d.P.) Donald A. N. Theijs, Verona Zehelein Fotografie beebox werbeagentur, Freiburg\/Ebringen iStockPhoto by Getty Images, Calgary (Canada) Fotolia LLC, New York USt.ID DE194447560 Nutzungsbedingungen \/ Haftungsausschluss Alle Webseiten von beebox, Inh. Donald Theijs, mit Sitz in der Baumgartenstra\u00dfe 7, 79285 Ebringen, Deutschland (nachfolgend kurz &#8222;beebox&#8220;) wurden unter Ber\u00fccksichtigung des deutschen Rechts verfasst. beebox hat die Daten auf dieser Website sorgf\u00e4ltig und nach dem neuesten Erkenntnisstand zusammen gestellt. beebox kann jedoch keinerlei Garantien bez\u00fcglich der Richtigkeit und\/oder Vollst\u00e4ndigkeit der hier angegebenen oder zitierten Information, weder ausdr\u00fccklich noch implizit, abgeben.F\u00fcr Anleitungen, Hinweise, Empfehlungen oder Einsch\u00e4tzungen wird keine Haftung \u00fcbernommen, genausowenig f\u00fcr Fehler im Text oder falsche Links.Der Benutzer dieser Website erkennt an, dass deren Gebrauch sowie der Gebrauch der damit verbundenen Sites ausschlie\u00dflich auf dessen eigene Gefahr erfolgt und dass weder beebox noch eine andere Partei, die an der Erstellung der Informationen beteiligt war, eine Haftung f\u00fcr direkte, indirekte oder Folgesch\u00e4den jedwelcher Art \u00fcbernimmt. Alle erw\u00e4hnten Markennamen sind gesetzlich gesch\u00fctzt.Es gilt die deutsche Rechtsprechnung. Verweise auf fremde Webseiten \u2013 sogenannte Links \u2013 liegen au\u00dferhalb des Verantwortungsbereiches [&hellip;]<\/p>\n","protected":false},"author":2,"featured_media":0,"parent":3950,"menu_order":0,"comment_status":"closed","ping_status":"closed","template":"","meta":{"_et_pb_use_builder":"on","_et_pb_old_content":"","_et_gb_content_width":"","footnotes":""},"class_list":["post-847","page","type-page","status-publish","hentry"],"_links":{"self":[{"href":"https:\/\/www.beebox.de\/content\/wp-json\/wp\/v2\/pages\/847","targetHints":{"allow":["GET"]}}],"collection":[{"href":"https:\/\/www.beebox.de\/content\/wp-json\/wp\/v2\/pages"}],"about":[{"href":"https:\/\/www.beebox.de\/content\/wp-json\/wp\/v2\/types\/page"}],"author":[{"embeddable":true,"href":"https:\/\/www.beebox.de\/content\/wp-json\/wp\/v2\/users\/2"}],"replies":[{"embeddable":true,"href":"https:\/\/www.beebox.de\/content\/wp-json\/wp\/v2\/comments?post=847"}],"version-history":[{"count":2,"href":"https:\/\/www.beebox.de\/content\/wp-json\/wp\/v2\/pages\/847\/revisions"}],"predecessor-version":[{"id":212189,"href":"https:\/\/www.beebox.de\/content\/wp-json\/wp\/v2\/pages\/847\/revisions\/212189"}],"up":[{"embeddable":true,"href":"https:\/\/www.beebox.de\/content\/wp-json\/wp\/v2\/pages\/3950"}],"wp:attachment":[{"href":"https:\/\/www.beebox.de\/content\/wp-json\/wp\/v2\/media?parent=847"}],"curies":[{"name":"wp","href":"https:\/\/api.w.org\/{rel}","templated":true}]}}